{"id":69,"date":"2015-02-12T16:19:20","date_gmt":"2015-02-12T21:19:20","guid":{"rendered":"http:\/\/devel.ceracq.ca\/?page_id=69"},"modified":"2024-01-22T11:39:27","modified_gmt":"2024-01-22T16:39:27","slug":"committee-for-innovation","status":"publish","type":"page","link":"https:\/\/www.ceracq.ca\/en\/committee-for-innovation\/","title":{"rendered":"Committee for Innovation"},"content":{"rendered":"<p><strong>Monsieur Bertrand Roy<\/strong>, ing.<br \/>\nResponsable du Service du d\u00e9veloppement du march\u00e9 int\u00e9rieur<br \/>\nSoci\u00e9t\u00e9 d\u2019habitation du Qu\u00e9bec<\/p>\n<p><strong>Monsieur Jules Chevrier<\/strong><br \/>\nVice-pr\u00e9sident Exploitation \u2013 Ouest<br \/>\nSoci\u00e9t\u00e9 immobili\u00e8re du Qu\u00e9bec<\/p>\n<p><strong>Monsieur Jacques Chouinard<\/strong>, ing.<br \/>\nVice-pr\u00e9sident adjoint, gestion et construction<br \/>\nDessau<\/p>\n<p><strong>Monsieur Jacques Falardeau<\/strong><br \/>\nDirecteur de projet<br \/>\nEBC inc.<\/p>\n<p><strong>Monsieur Daniel Forgues<\/strong><br \/>\nPr\u00e9sident du Comit\u00e9 Innovation<br \/>\nProfesseur gestion de projets &#8211; \u00c9cole de technologies sup\u00e9rieures<\/p>\n<p><strong>Monsieur Louis T. Lemay, FIRAC<\/strong><br \/>\nPr\u00e9sident et chef de la direction<br \/>\nLemay associ\u00e9s, architecture, design<\/p>\n<p><strong>Monsieur Benoit F. Laurin<\/strong><br \/>\nPr\u00e9sident<br \/>\nConstructions Devlor inc.<\/p>\n<p><strong>Monsieur Guy Paquin<\/strong><br \/>\nVice-pr\u00e9sident aux immobilisations<br \/>\nCorporation d\u2019h\u00e9bergement du Qu\u00e9bec<\/p>\n<p><strong>Monsieur Pierre Dauphinais<\/strong>, ing.<br \/>\nDirecteur ex\u00e9cutif, projets majeurs<br \/>\nSoci\u00e9t\u00e9 de transport de Montr\u00e9al<\/p>\n<p><strong>Monsieur Hugues Larose<\/strong><br \/>\nGestionnaire de projet<br \/>\nTPSGC<\/p>\n<p><strong>Monsieur Cheick Ouattara<\/strong>, ing. MBA<br \/>\nConseiller responsable de l\u2019industrie de la construction<br \/>\nMDEIE<\/p>\n<p><strong>Monsieur Daniel S. Pearl<\/strong><br \/>\nAssoci\u00e9<br \/>\nPearl &amp; Poddubiuk et associ\u00e9, architectes<\/p>\n<p><strong>Monsieur Serge Perras<\/strong><br \/>\nArchitecte senior<br \/>\nABCP Architecture &amp; Urbanisme<\/p>\n<p><strong>Monsieur Mario Roy<\/strong><br \/>\nVice-pr\u00e9sident, D\u00e9veloppement et planification<br \/>\nLes Construction Beau Design Inc.<\/p>\n<p><strong>Monsieur Gilbert Villeneuve<\/strong><br \/>\nVice-pr\u00e9sident construction<br \/>\nSNC-LAVALIN inc.<\/p>\n<p><strong>Monsieur Lucien Turcotte<\/strong><br \/>\nDirecteur de la direction de la r\u00e9glementation en biens et services<br \/>\nSecr\u00e9tariat du Conseil du Tr\u00e9sor<\/p>\n<p><strong>Madame Audrey Murray<\/strong>, avocate<br \/>\nDirectrice \u00e0 la direction du d\u00e9veloppement strat\u00e9gique et des projets sp\u00e9ciaux<br \/>\nCommission de la construction du Qu\u00e9bec<\/p>\n<p><strong>Monsieur Dominique Dubuc<\/strong><br \/>\nPr\u00e9sident<br \/>\nArchiDATA inc.<\/p>\n<p class=\"accueil2\">[ <a class=\"accueil\" href=\"\/pdf\/Rapport_final.pdf\" target=\"_blank\" rel=\"noopener\">Final Report<\/a><img loading=\"lazy\" decoding=\"async\" src=\"\/wp-content\/uploads\/2015\/02\/iconeacrobat.gif\" alt=\"Fichier en format Acrobat\" width=\"19\" height=\"20\" \/> (French only) ]<\/p>\n","protected":false},"excerpt":{"rendered":"<p>Monsieur Bertrand Roy, ing. Responsable du Service du d\u00e9veloppement du march\u00e9 int\u00e9rieur Soci\u00e9t\u00e9 d\u2019habitation du Qu\u00e9bec Monsieur Jules Chevrier Vice-pr\u00e9sident Exploitation \u2013 Ouest Soci\u00e9t\u00e9 immobili\u00e8re du Qu\u00e9bec Monsieur Jacques Chouinard, ing. Vice-pr\u00e9sident adjoint, gestion et construction Dessau Monsieur Jacques Falardeau Directeur de projet EBC inc. Monsieur Daniel Forgues Pr\u00e9sident du Comit\u00e9 Innovation Professeur gestion de [&hellip;]<\/p>\n","protected":false},"author":1,"featured_media":0,"parent":0,"menu_order":0,"comment_status":"closed","ping_status":"open","template":"","meta":{"footnotes":""},"class_list":["post-69","page","type-page","status-publish","hentry"],"_links":{"self":[{"href":"https:\/\/www.ceracq.ca\/en\/wp-json\/wp\/v2\/pages\/69","targetHints":{"allow":["GET"]}}],"collection":[{"href":"https:\/\/www.ceracq.ca\/en\/wp-json\/wp\/v2\/pages"}],"about":[{"href":"https:\/\/www.ceracq.ca\/en\/wp-json\/wp\/v2\/types\/page"}],"author":[{"embeddable":true,"href":"https:\/\/www.ceracq.ca\/en\/wp-json\/wp\/v2\/users\/1"}],"replies":[{"embeddable":true,"href":"https:\/\/www.ceracq.ca\/en\/wp-json\/wp\/v2\/comments?post=69"}],"version-history":[{"count":5,"href":"https:\/\/www.ceracq.ca\/en\/wp-json\/wp\/v2\/pages\/69\/revisions"}],"predecessor-version":[{"id":681,"href":"https:\/\/www.ceracq.ca\/en\/wp-json\/wp\/v2\/pages\/69\/revisions\/681"}],"wp:attachment":[{"href":"https:\/\/www.ceracq.ca\/en\/wp-json\/wp\/v2\/media?parent=69"}],"curies":[{"name":"wp","href":"https:\/\/api.w.org\/{rel}","templated":true}]}}