{"id":51,"date":"2015-02-12T15:40:54","date_gmt":"2015-02-12T20:40:54","guid":{"rendered":"http:\/\/devel.ceracq.ca\/?page_id=51"},"modified":"2024-01-22T11:39:27","modified_gmt":"2024-01-22T16:39:27","slug":"board-of-trustees","status":"publish","type":"page","link":"https:\/\/www.ceracq.ca\/en\/board-of-trustees\/","title":{"rendered":"Board of Trustees"},"content":{"rendered":"<p>The Board of Trustees of CERACQ is formed by representatives of all sectors of the industry.<\/p>\n<table border=\"0\" cellspacing=\"0\" cellpadding=\"2\">\n<tbody>\n<tr>\n<td valign=\"top\" width=\"50%\">\n<h3>President<\/h3>\n<p><strong>Mr. Roland Charneux<br \/>\n<\/strong><em>Engineer \u2013 vice-pr\u00e9sident ex\u00e9cutif<br \/>\n<\/em>Contech<\/p>\n<\/td>\n<td valign=\"top\">\n<h3>Secretary<\/h3>\n<p><strong>Mr. Bernard McNamara<br \/>\n<\/strong><em>Architect \u2013 President<br \/>\n<\/em>TAC International<\/p>\n<\/td>\n<\/tr>\n<tr>\n<td valign=\"top\">\n<h3>Treasurer<\/h3>\n<p><strong>Mr. Normand T\u00e9treault<br \/>\n<\/strong><em>Engineer \u2013 President<br \/>\n<\/em>Soconex \u2013 entrepreneur sp\u00e9cialis\u00e9<\/p>\n<\/td>\n<td valign=\"top\">\n<h3>President ex-officio<\/h3>\n<p><strong>Mr. <\/strong><strong>Yves Fort\u00e9<\/strong><br \/>\n<em>Engineer<\/em><\/p>\n<\/td>\n<\/tr>\n<tr>\n<td valign=\"top\">\u00a0<\/td>\n<td valign=\"top\">\u00a0<\/td>\n<\/tr>\n<tr>\n<td colspan=\"2\" valign=\"top\">\n<h3>Directors<\/h3>\n<\/td>\n<\/tr>\n<tr>\n<td valign=\"top\"><strong>Mr. Claude Bourbeau<\/strong><br \/>\n<em>Architect<br \/>\n<\/em>Provencher, Roy + Associ\u00e9s<\/td>\n<td valign=\"top\"><strong>Mr. Daniel Forgues<\/strong><br \/>\n<em>professeur gestion de projet et construction durable<br \/>\n<\/em>\u00c9cole de technologie sup\u00e9rieure<\/td>\n<\/tr>\n<tr>\n<td colspan=\"2\" valign=\"top\">\u00a0<\/td>\n<\/tr>\n<tr>\n<td valign=\"top\"><strong>Mrs. Johanne Rouleau<br \/>\n<\/strong><em>Vice-pr\u00e9sidente, Qu\u00e9bec<\/em><br \/>\nContech b\u00e2timent<br \/>\nM\u00e9dias Transcontinental S.E.N.C<\/td>\n<td valign=\"top\"><strong>Mr. St\u00e9phane Laflamme, arch. LEED AP<br \/>\n<\/strong><em>Directeur \u2013 Direction Gestion de projets Montr\u00e9al<\/em><strong><br \/>\n<\/strong>Sant\u00e9 et Services sociaux<strong><br \/>\n<\/strong>Soci\u00e9t\u00e9 qu\u00e9b\u00e9coise des infrastructures<\/td>\n<\/tr>\n<tr>\n<td colspan=\"2\" valign=\"top\">\u00a0<\/td>\n<\/tr>\n<tr>\n<td valign=\"top\"><strong>Mr. Andr\u00e9 O. Morin<br \/>\n<\/strong><em>Engineer \u2013 Vice President<br \/>\n<\/em>Acier AGF inc.<\/td>\n<td valign=\"top\">\u00a0<\/td>\n<\/tr>\n<tr>\n<td colspan=\"2\" valign=\"top\">\u00a0<\/td>\n<\/tr>\n<tr>\n<td colspan=\"2\" align=\"center\" valign=\"top\">Last revised in February 2016<\/td>\n<\/tr>\n<\/tbody>\n<\/table>\n<p>&nbsp;<\/p>\n","protected":false},"excerpt":{"rendered":"<p>The Board of Trustees of CERACQ is formed by representatives of all sectors of the industry. President Mr. Roland Charneux Engineer \u2013 vice-pr\u00e9sident ex\u00e9cutif Contech Secretary Mr. Bernard McNamara Architect \u2013 President TAC International Treasurer Mr. Normand T\u00e9treault Engineer \u2013 President Soconex \u2013 entrepreneur sp\u00e9cialis\u00e9 President ex-officio Mr. Yves Fort\u00e9 Engineer \u00a0 \u00a0 Directors Mr. [&hellip;]<\/p>\n","protected":false},"author":1,"featured_media":0,"parent":0,"menu_order":0,"comment_status":"closed","ping_status":"open","template":"","meta":{"footnotes":""},"class_list":["post-51","page","type-page","status-publish","hentry"],"_links":{"self":[{"href":"https:\/\/www.ceracq.ca\/en\/wp-json\/wp\/v2\/pages\/51","targetHints":{"allow":["GET"]}}],"collection":[{"href":"https:\/\/www.ceracq.ca\/en\/wp-json\/wp\/v2\/pages"}],"about":[{"href":"https:\/\/www.ceracq.ca\/en\/wp-json\/wp\/v2\/types\/page"}],"author":[{"embeddable":true,"href":"https:\/\/www.ceracq.ca\/en\/wp-json\/wp\/v2\/users\/1"}],"replies":[{"embeddable":true,"href":"https:\/\/www.ceracq.ca\/en\/wp-json\/wp\/v2\/comments?post=51"}],"version-history":[{"count":20,"href":"https:\/\/www.ceracq.ca\/en\/wp-json\/wp\/v2\/pages\/51\/revisions"}],"predecessor-version":[{"id":461,"href":"https:\/\/www.ceracq.ca\/en\/wp-json\/wp\/v2\/pages\/51\/revisions\/461"}],"wp:attachment":[{"href":"https:\/\/www.ceracq.ca\/en\/wp-json\/wp\/v2\/media?parent=51"}],"curies":[{"name":"wp","href":"https:\/\/api.w.org\/{rel}","templated":true}]}}